{"id":1030,"date":"2024-01-08T13:36:35","date_gmt":"2024-01-08T13:36:35","guid":{"rendered":"https:\/\/kindergarten-steglitz.de\/?page_id=1030"},"modified":"2024-01-11T23:00:38","modified_gmt":"2024-01-11T23:00:38","slug":"allgemeines-neu","status":"publish","type":"page","link":"https:\/\/kindergarten-steglitz.de\/?page_id=1030","title":{"rendered":"Allgemeines"},"content":{"rendered":"\n<figure class=\"wp-block-image size-large\"><img loading=\"lazy\" decoding=\"async\" width=\"1024\" height=\"345\" src=\"https:\/\/kindergarten-steglitz.de\/wp-content\/uploads\/2024\/01\/Gemaltes-Bild-1024x345.jpg\" alt=\"\" class=\"wp-image-1032\" srcset=\"https:\/\/kindergarten-steglitz.de\/wp-content\/uploads\/2024\/01\/Gemaltes-Bild-1024x345.jpg 1024w, https:\/\/kindergarten-steglitz.de\/wp-content\/uploads\/2024\/01\/Gemaltes-Bild-300x101.jpg 300w, https:\/\/kindergarten-steglitz.de\/wp-content\/uploads\/2024\/01\/Gemaltes-Bild-768x259.jpg 768w, https:\/\/kindergarten-steglitz.de\/wp-content\/uploads\/2024\/01\/Gemaltes-Bild-1536x518.jpg 1536w, https:\/\/kindergarten-steglitz.de\/wp-content\/uploads\/2024\/01\/Gemaltes-Bild-2048x691.jpg 2048w, https:\/\/kindergarten-steglitz.de\/wp-content\/uploads\/2024\/01\/Gemaltes-Bild-100x34.jpg 100w, https:\/\/kindergarten-steglitz.de\/wp-content\/uploads\/2024\/01\/Gemaltes-Bild-864x291.jpg 864w, https:\/\/kindergarten-steglitz.de\/wp-content\/uploads\/2024\/01\/Gemaltes-Bild-1200x405.jpg 1200w\" sizes=\"(max-width: 1024px) 100vw, 1024px\" \/><\/figure>\n\n\n\n<p><strong>Kinder &#8230; <\/strong><\/p>\n\n\n\n<p>werden in ihrer individuellen Entwicklung gesehen und jeden Tag dort abgeholt wo sie stehen. Wir geben den Kindern bewusst Raum und Zeit f\u00fcr sprachliche Teilhabe. Ein respektvoller Umgang, der die W\u00fcrde des einzelnen Menschen achtet, bildet f\u00fcr uns die Basis zu einem vertrauensvollen Miteinander.<\/p>\n\n\n\n<p><strong>Eltern&#8230;<\/strong><\/p>\n\n\n\n<p>sind die wichtigsten Partner in Erziehungs- und Bildungsarbeit. Deshalb ist uns ein von Respekt und Vertrauen gepr\u00e4gter Austausch wichtig.<\/p>\n\n\n\n<p><strong>Das Team&#8230;<\/strong><\/p>\n\n\n\n<p>besteht aus p\u00e4dagogischen Fachkr\u00e4ften und wird erg\u00e4nzt durch qualifizierte Aushilfen, sowie einer FSJ-Kraft und Mitarbeitern f\u00fcr unsere K\u00fcche und f\u00fcr Haus, Hof und Spielpl\u00e4tze.<\/p>\n\n\n\n<p><strong>Der Tr\u00e4ger&#8230; <\/strong><\/p>\n\n\n\n<p>ist ein gemeinn\u00fctziger Verein.<\/p>\n\n\n\n<p><strong>Der Kindergarten&#8230;<\/strong><\/p>\n\n\n\n<p>ist von 7.30 Uhr bis 16.30 Uhr ge\u00f6ffnet und wir haben Platz f\u00fcr 45 Kinder (Halbtags- und Ganztags).<\/p>\n\n\n\n<p><strong>________________________________________________________________________________________________________________<\/strong><\/p>\n","protected":false},"excerpt":{"rendered":"<p>Kinder &#8230; werden in ihrer individuellen Entwicklung gesehen und jeden Tag dort abgeholt wo sie stehen. Wir geben den Kindern bewusst Raum und Zeit f\u00fcr sprachliche Teilhabe. Ein respektvoller Umgang, der die W\u00fcrde des einzelnen Menschen achtet, bildet f\u00fcr uns die Basis zu einem vertrauensvollen Miteinander. Eltern&#8230; sind die wichtigsten Partner in Erziehungs- und Bildungsarbeit. Deshalb ist uns ein von &#8230; <a href=\"https:\/\/kindergarten-steglitz.de\/?page_id=1030\" class=\"more-link\">Read More<\/a><\/p>\n","protected":false},"author":3,"featured_media":0,"parent":0,"menu_order":0,"comment_status":"closed","ping_status":"closed","template":"","meta":{"footnotes":""},"_links":{"self":[{"href":"https:\/\/kindergarten-steglitz.de\/index.php?rest_route=\/wp\/v2\/pages\/1030"}],"collection":[{"href":"https:\/\/kindergarten-steglitz.de\/index.php?rest_route=\/wp\/v2\/pages"}],"about":[{"href":"https:\/\/kindergarten-steglitz.de\/index.php?rest_route=\/wp\/v2\/types\/page"}],"author":[{"embeddable":true,"href":"https:\/\/kindergarten-steglitz.de\/index.php?rest_route=\/wp\/v2\/users\/3"}],"replies":[{"embeddable":true,"href":"https:\/\/kindergarten-steglitz.de\/index.php?rest_route=%2Fwp%2Fv2%2Fcomments&post=1030"}],"version-history":[{"count":8,"href":"https:\/\/kindergarten-steglitz.de\/index.php?rest_route=\/wp\/v2\/pages\/1030\/revisions"}],"predecessor-version":[{"id":1090,"href":"https:\/\/kindergarten-steglitz.de\/index.php?rest_route=\/wp\/v2\/pages\/1030\/revisions\/1090"}],"wp:attachment":[{"href":"https:\/\/kindergarten-steglitz.de\/index.php?rest_route=%2Fwp%2Fv2%2Fmedia&parent=1030"}],"curies":[{"name":"wp","href":"https:\/\/api.w.org\/{rel}","templated":true}]}}