{"id":1230,"date":"2024-05-25T03:25:09","date_gmt":"2024-05-25T03:25:09","guid":{"rendered":"https:\/\/kindergarten-steglitz.de\/?page_id=1230"},"modified":"2024-05-25T03:28:19","modified_gmt":"2024-05-25T03:28:19","slug":"hausordnung","status":"publish","type":"page","link":"https:\/\/kindergarten-steglitz.de\/?page_id=1230","title":{"rendered":"Hausordnung"},"content":{"rendered":"\n<p>Unser Kindergarten steht f\u00fcr ein gewaltfreies, demokratisches Miteinander und die Achtung der Menschenw\u00fcrde, unabh\u00e4ngig von Nationalit\u00e4t, sozialer Herkunft, religi\u00f6ser \u00dcberzeugung und sexueller Orientierung.<\/p>\n\n\n\n<p>Das bedeutet f\u00fcr uns, dass Erscheinungsformen von Rassismus, Antisemitismus, Diskriminierung, Verherrlichung oder mangelnder Distanz zum Nationalsozialismus in Form von Aussagen, Kleidung, Symbolen, Tattoos, Schmuck oder Musik auf unserem Kindergartengel\u00e4nde keinen Platz haben.<\/p>\n","protected":false},"excerpt":{"rendered":"<p>Unser Kindergarten steht f\u00fcr ein gewaltfreies, demokratisches Miteinander und die Achtung der Menschenw\u00fcrde, unabh\u00e4ngig von Nationalit\u00e4t, sozialer Herkunft, religi\u00f6ser \u00dcberzeugung und sexueller Orientierung. Das bedeutet f\u00fcr uns, dass Erscheinungsformen von Rassismus, Antisemitismus, Diskriminierung, Verherrlichung oder mangelnder Distanz zum Nationalsozialismus in Form von Aussagen, Kleidung, Symbolen, Tattoos, Schmuck oder Musik auf unserem Kindergartengel\u00e4nde keinen Platz haben.<\/p>\n","protected":false},"author":3,"featured_media":0,"parent":0,"menu_order":0,"comment_status":"closed","ping_status":"closed","template":"","meta":{"footnotes":""},"_links":{"self":[{"href":"https:\/\/kindergarten-steglitz.de\/index.php?rest_route=\/wp\/v2\/pages\/1230"}],"collection":[{"href":"https:\/\/kindergarten-steglitz.de\/index.php?rest_route=\/wp\/v2\/pages"}],"about":[{"href":"https:\/\/kindergarten-steglitz.de\/index.php?rest_route=\/wp\/v2\/types\/page"}],"author":[{"embeddable":true,"href":"https:\/\/kindergarten-steglitz.de\/index.php?rest_route=\/wp\/v2\/users\/3"}],"replies":[{"embeddable":true,"href":"https:\/\/kindergarten-steglitz.de\/index.php?rest_route=%2Fwp%2Fv2%2Fcomments&post=1230"}],"version-history":[{"count":3,"href":"https:\/\/kindergarten-steglitz.de\/index.php?rest_route=\/wp\/v2\/pages\/1230\/revisions"}],"predecessor-version":[{"id":1234,"href":"https:\/\/kindergarten-steglitz.de\/index.php?rest_route=\/wp\/v2\/pages\/1230\/revisions\/1234"}],"wp:attachment":[{"href":"https:\/\/kindergarten-steglitz.de\/index.php?rest_route=%2Fwp%2Fv2%2Fmedia&parent=1230"}],"curies":[{"name":"wp","href":"https:\/\/api.w.org\/{rel}","templated":true}]}}