{"id":1405,"date":"2024-07-10T06:45:36","date_gmt":"2024-07-10T06:45:36","guid":{"rendered":"https:\/\/kindergarten-steglitz.de\/?page_id=1405"},"modified":"2024-07-10T06:45:38","modified_gmt":"2024-07-10T06:45:38","slug":"leitbild-des-kindergartens-kleine-oase","status":"publish","type":"page","link":"https:\/\/kindergarten-steglitz.de\/?page_id=1405","title":{"rendered":"Leitbild des Kindergartens Kleine Oase"},"content":{"rendered":"\n<p>Der Kindergarten <em>Kleine Oase<\/em> ist eine evangelisch-freikirchliche Einrichtung.<\/p>\n\n\n\n<p>Unser Leitbild beschreibt, worauf es uns in unserer Arbeit ankommt, was uns miteinander verbindet und woran wir uns orientieren.<\/p>\n\n\n\n<p>1. Wir begleiten Kinder in ihrem Aufwachsen und er\u00f6ffnen ihnen in Erg\u00e4nzung zur Familie Lebens- und Lernr\u00e4ume.<\/p>\n\n\n\n<ul>\n<li>Wir bieten Kindern innerhalb des Kindergartens einen sicheren Raum und die Erfahrung von Verl\u00e4sslichkeit, Geborgenheit, Orientierung und Gemeinschaft. Wir erm\u00f6glichen ihnen den Umgang mit Eigenverantwortung.<ul><li>Wir gehen vom <em>kompetenten Kind <\/em>aus und unterst\u00fctzen seine individuelle und soziale Entwicklung. Wir nehmen die Lerninteressen der Kinder wahr und er\u00f6ffnen ihnen die M\u00f6glichkeiten zum Erproben ihrer F\u00e4higkeiten und ihrer Kreativit\u00e4t.<\/li><\/ul><ul><li>Wir machen Kinder stark, damit sie Selbstvertrauen entwickeln und Selbstwirksamkeit erfahren k\u00f6nnen. Die Kinder sind an der Gestaltung ihrer Lebenswelt beteiligt.<\/li><\/ul>\n<ul>\n<li>Wir sind uns des Machtgef\u00e4lles zwischen Erwachsenen und Kindern bewusst und gehen behutsam und verantwortungsbewusst damit um.<\/li>\n<\/ul>\n<\/li>\n<\/ul>\n\n\n\n<p><strong>2. Wir respektieren jeden Menschen als unverwechselbares Gesch\u00f6pf Gottes, das auf Beziehungen angelegt ist.<\/strong><\/p>\n\n\n\n<ul>\n<li>Wir achten die Freiheit jeder Person und glauben, dass Gott jeden Menschen liebt.<ul><li>Wir praktizieren N\u00e4chstenliebe und \u00fcben Friedensf\u00e4higkeit.<\/li><\/ul><ul><li>Wir geben Kindern M\u00f6glichkeiten zur Auseinandersetzung mit der christlichen Religion und ihrem pers\u00f6nlichen Glauben.<\/li><\/ul><ul><li>Wir glauben, dass Gott der Sch\u00f6pfer dieser Welt ist und allen Menschen Lebensorientierung durch die Bibel anbietet.<\/li><\/ul><ul><li>Wir sind weltoffen und freuen uns, andere Kulturen und Religionen kennenzulernen.<\/li><\/ul>\n<ul>\n<li>Wir wertsch\u00e4tzen die Erde als Lebensraum, bewahren und gestalten sie.<\/li>\n<\/ul>\n<\/li>\n<\/ul>\n\n\n\n<p><strong>3. Wir leben und lieben Vielfalt!<\/strong><\/p>\n\n\n\n<ul>\n<li>Wir pflegen einen respektvollen und friedlichen Umgang miteinander. Rassismus, Diskriminierung, Gewalt, Hass und Hetze haben in unserem Kindergarten keinen Platz! Diese gemeinsame Haltung verbindet uns und wir stehen daf\u00fcr ein.\n<ul>\n<li>Wir begegnen Familien empathisch, vorurteilsbewusst und sprachsensibel. Wir haben Respekt vor verschiedenen Familien-, Lebens- und Erziehungsmodellen und sind uns als Institution unserer Grenzen bewusst.<\/li>\n<\/ul>\n<\/li>\n<\/ul>\n\n\n\n<p><strong>4. Wir schaffen Raum f\u00fcr Familien<\/strong><\/p>\n\n\n\n<ul>\n<li>Wir halten eine Erziehungspartnerschaft zwischen Eltern und p\u00e4dagogischen Fachkr\u00e4ften im Kindergarten zum Wohle der Kinder f\u00fcr unerl\u00e4sslich.<ul><li>Wir setzen uns daf\u00fcr ein, dass Eltern entlastet, beraten und in ihrer Kompetenz gest\u00e4rkt werden. Deshalb verstehen wir uns auch als Anlaufstelle f\u00fcr p\u00e4dagogische Fragenstellungen, auf die wir individuell und professionell reagieren.<\/li><\/ul>\n<ul>\n<li>Wir schaffen Begegnungsm\u00f6glichkeiten f\u00fcr Familien innerhalb des Kindergartens.<\/li>\n<\/ul>\n<\/li>\n<\/ul>\n\n\n\n<p>5. Wir legen gro\u00dfen Wert auf fachliche Professionalit\u00e4t und Teamf\u00e4higkeit.<\/p>\n\n\n\n<ul>\n<li>Die p\u00e4dagogischen Fachkr\u00e4fte in unserem Kindergartenteam sind gut ausgebildet und verf\u00fcgen \u00fcber unterschiedliche Zusatzqualifikationen. Au\u00dferdem nehmen sie regelm\u00e4\u00dfig an beruflichen Weiterbildungen teil.<ul><li>In den regelm\u00e4\u00dfigen Dienstbesprechungen ist Raum f\u00fcr kollegiale Beratung, Selbstreflexion und fachlichen Austausch.<\/li><\/ul><ul><li>Die interne und externe Evaluation wird in regelm\u00e4\u00dfigen Abst\u00e4nden durchgef\u00fchrt.<\/li><\/ul><ul><li>Die Umsetzung der Kinderrechte (<a href=\"https:\/\/www.kinderrechte.de\/\">https:\/\/www.kinderrechte.de\/<\/a>) ist ein zentrales Fundament unserer Bildungs- und Erziehungsarbeit. Dabei steht immer das Wohl des Kindes im Mittelpunkt. Wir nehmen unseren Schutzauftrag verantwortungsbewusst wahr.<\/li><\/ul>\n<ul>\n<li>Die Reckahner Reflexionen (<a href=\"https:\/\/paedagogische-beziehungen.eu\/\">https:\/\/paedagogische-beziehungen.eu\/<\/a>) spiegeln unsere p\u00e4dagogische Haltung wider.<\/li>\n<\/ul>\n<\/li>\n<\/ul>\n\n\n\n<p><strong>(Kindergarten im Diakoniewerk der Baptistengemeinde Steglitz e.V.)<\/strong>         <strong>Stand Juli 2024<\/strong><\/p>\n\n\n\n<p>    <\/p>\n\n\n\n<p><strong>________________________________________________________________________________________________________________<\/strong><\/p>\n","protected":false},"excerpt":{"rendered":"<p>Der Kindergarten Kleine Oase ist eine evangelisch-freikirchliche Einrichtung. Unser Leitbild beschreibt, worauf es uns in unserer Arbeit ankommt, was uns miteinander verbindet und woran wir uns orientieren. 1. Wir begleiten Kinder in ihrem Aufwachsen und er\u00f6ffnen ihnen in Erg\u00e4nzung zur Familie Lebens- und Lernr\u00e4ume. 2. Wir respektieren jeden Menschen als unverwechselbares Gesch\u00f6pf Gottes, das auf Beziehungen angelegt ist. 3. Wir &#8230; <a href=\"https:\/\/kindergarten-steglitz.de\/?page_id=1405\" class=\"more-link\">Read More<\/a><\/p>\n","protected":false},"author":3,"featured_media":0,"parent":0,"menu_order":0,"comment_status":"closed","ping_status":"closed","template":"","meta":{"footnotes":""},"_links":{"self":[{"href":"https:\/\/kindergarten-steglitz.de\/index.php?rest_route=\/wp\/v2\/pages\/1405"}],"collection":[{"href":"https:\/\/kindergarten-steglitz.de\/index.php?rest_route=\/wp\/v2\/pages"}],"about":[{"href":"https:\/\/kindergarten-steglitz.de\/index.php?rest_route=\/wp\/v2\/types\/page"}],"author":[{"embeddable":true,"href":"https:\/\/kindergarten-steglitz.de\/index.php?rest_route=\/wp\/v2\/users\/3"}],"replies":[{"embeddable":true,"href":"https:\/\/kindergarten-steglitz.de\/index.php?rest_route=%2Fwp%2Fv2%2Fcomments&post=1405"}],"version-history":[{"count":4,"href":"https:\/\/kindergarten-steglitz.de\/index.php?rest_route=\/wp\/v2\/pages\/1405\/revisions"}],"predecessor-version":[{"id":1409,"href":"https:\/\/kindergarten-steglitz.de\/index.php?rest_route=\/wp\/v2\/pages\/1405\/revisions\/1409"}],"wp:attachment":[{"href":"https:\/\/kindergarten-steglitz.de\/index.php?rest_route=%2Fwp%2Fv2%2Fmedia&parent=1405"}],"curies":[{"name":"wp","href":"https:\/\/api.w.org\/{rel}","templated":true}]}}