{"id":149,"date":"2019-03-20T17:38:06","date_gmt":"2019-03-20T17:38:06","guid":{"rendered":"http:\/\/blog.kindergarten-steglitz.de\/?page_id=149"},"modified":"2024-01-11T23:11:29","modified_gmt":"2024-01-11T23:11:29","slug":"konzeption","status":"publish","type":"page","link":"https:\/\/kindergarten-steglitz.de\/?page_id=149","title":{"rendered":"Konzeption"},"content":{"rendered":"\n<p>Wir haben unsere p\u00e4dagogischen Grundgedanken, Hand\u00adlungsmuster und unsere religionsp\u00e4dagogischen Leitlinien schriftlich zusammengestellt. Sie k\u00f6nnen die ausf\u00fchrliche, gedruckte Version davon bei uns im Kindergarten bekommen oder die PDF-Version hier herunterladen.<br><\/p>\n\n\n\n<div data-wp-interactive=\"\" class=\"wp-block-file\"><object data-wp-bind--hidden=\"!selectors.core.file.hasPdfPreview\" hidden class=\"wp-block-file__embed\" data=\"https:\/\/kindergarten-steglitz.de\/wp-content\/uploads\/2023\/06\/1_Paedagogische-Konzeption-April-2023-2.pdf\" type=\"application\/pdf\" style=\"width:100%;height:600px\" aria-label=\"Einbettung von 1_P\u00e4dagogische Konzeption April 2023.\"><\/object><a id=\"wp-block-file--media-eeced3d8-ba41-4c93-b3c5-077cb764c9da\" href=\"https:\/\/kindergarten-steglitz.de\/wp-content\/uploads\/2023\/06\/1_Paedagogische-Konzeption-April-2023-2.pdf\">1_P\u00e4dagogische Konzeption April 2023<\/a><a href=\"https:\/\/kindergarten-steglitz.de\/wp-content\/uploads\/2023\/06\/1_Paedagogische-Konzeption-April-2023-2.pdf\" class=\"wp-block-file__button wp-element-button\" download aria-describedby=\"wp-block-file--media-eeced3d8-ba41-4c93-b3c5-077cb764c9da\">Herunterladen<\/a><\/div>\n\n\n\n<p><strong>________________________________________________________________________________________________________________<\/strong><\/p>\n<p>\u00a0<\/p>\n","protected":false},"excerpt":{"rendered":"<p>Wir haben unsere p\u00e4dagogischen Grundgedanken, Hand\u00adlungsmuster und unsere religionsp\u00e4dagogischen Leitlinien schriftlich zusammengestellt. Sie k\u00f6nnen die ausf\u00fchrliche, gedruckte Version davon bei uns im Kindergarten bekommen oder die PDF-Version hier herunterladen. ________________________________________________________________________________________________________________ \u00a0<\/p>\n","protected":false},"author":3,"featured_media":0,"parent":0,"menu_order":0,"comment_status":"closed","ping_status":"closed","template":"","meta":{"footnotes":""},"_links":{"self":[{"href":"https:\/\/kindergarten-steglitz.de\/index.php?rest_route=\/wp\/v2\/pages\/149"}],"collection":[{"href":"https:\/\/kindergarten-steglitz.de\/index.php?rest_route=\/wp\/v2\/pages"}],"about":[{"href":"https:\/\/kindergarten-steglitz.de\/index.php?rest_route=\/wp\/v2\/types\/page"}],"author":[{"embeddable":true,"href":"https:\/\/kindergarten-steglitz.de\/index.php?rest_route=\/wp\/v2\/users\/3"}],"replies":[{"embeddable":true,"href":"https:\/\/kindergarten-steglitz.de\/index.php?rest_route=%2Fwp%2Fv2%2Fcomments&post=149"}],"version-history":[{"count":8,"href":"https:\/\/kindergarten-steglitz.de\/index.php?rest_route=\/wp\/v2\/pages\/149\/revisions"}],"predecessor-version":[{"id":1093,"href":"https:\/\/kindergarten-steglitz.de\/index.php?rest_route=\/wp\/v2\/pages\/149\/revisions\/1093"}],"wp:attachment":[{"href":"https:\/\/kindergarten-steglitz.de\/index.php?rest_route=%2Fwp%2Fv2%2Fmedia&parent=149"}],"curies":[{"name":"wp","href":"https:\/\/api.w.org\/{rel}","templated":true}]}}