{"id":974,"date":"2024-01-05T08:01:03","date_gmt":"2024-01-05T08:01:03","guid":{"rendered":"https:\/\/kindergarten-steglitz.de\/?page_id=974"},"modified":"2026-05-04T09:12:10","modified_gmt":"2026-05-04T09:12:10","slug":"termine-2","status":"publish","type":"page","link":"https:\/\/kindergarten-steglitz.de\/?page_id=974","title":{"rendered":"Termine"},"content":{"rendered":"\n<p><strong>Besuchertage f\u00fcr interessierte Eltern<\/strong> finden wieder am 19.5. und am 16.Juni 2026 jeweils um 10 Uhr statt. Interessierte bitte vorab Bescheid geben (030 7921002), damit wir das Treffen koordiniert planen k\u00f6nnen.<\/p>\n\n\n\n<p><strong>Schlie\u00dfungszeiten des Kindergarte Oase<\/strong><\/p>\n\n\n\n<p>15. Mai (Br\u00fcckentag nach Christi Himmelfahrt)<\/p>\n\n\n\n<p>24.Juli bis 14. August (Sommerschlie\u00dfzeit)<\/p>\n\n\n\n<p>23. Dezember bis 31. Dezember 2026<\/p>\n\n\n\n<p><strong>Laternenfest 2026<\/strong><\/p>\n\n\n\n<p>Das n\u00e4chste Laternenfest findet am 13.11.2026 statt.<\/p>\n\n\n\n<p><strong>Die letzte MV fand am 26.3.2026 statt.<\/strong><\/p>\n\n\n\n<p><strong>Kindergartengottesdienst<\/strong><\/p>\n\n\n\n<p>findet am 21.6.2026 im Gottesdienstraum statt. <\/p>\n\n\n\n<p><strong>________________________________________________________________________________________________________________<\/strong><\/p>\n","protected":false},"excerpt":{"rendered":"<p>Besuchertage f\u00fcr interessierte Eltern finden wieder am 19.5. und am 16.Juni 2026 jeweils um 10 Uhr statt. Interessierte bitte vorab Bescheid geben (030 7921002), damit wir das Treffen koordiniert planen k\u00f6nnen. Schlie\u00dfungszeiten des Kindergarte Oase 15. Mai (Br\u00fcckentag nach Christi Himmelfahrt) 24.Juli bis 14. August (Sommerschlie\u00dfzeit) 23. Dezember bis 31. Dezember 2026 Laternenfest 2026 Das n\u00e4chste Laternenfest findet am 13.11.2026 &#8230; <a href=\"https:\/\/kindergarten-steglitz.de\/?page_id=974\" class=\"more-link\">Read More<\/a><\/p>\n","protected":false},"author":3,"featured_media":0,"parent":0,"menu_order":0,"comment_status":"closed","ping_status":"closed","template":"","meta":{"footnotes":""},"_links":{"self":[{"href":"https:\/\/kindergarten-steglitz.de\/index.php?rest_route=\/wp\/v2\/pages\/974"}],"collection":[{"href":"https:\/\/kindergarten-steglitz.de\/index.php?rest_route=\/wp\/v2\/pages"}],"about":[{"href":"https:\/\/kindergarten-steglitz.de\/index.php?rest_route=\/wp\/v2\/types\/page"}],"author":[{"embeddable":true,"href":"https:\/\/kindergarten-steglitz.de\/index.php?rest_route=\/wp\/v2\/users\/3"}],"replies":[{"embeddable":true,"href":"https:\/\/kindergarten-steglitz.de\/index.php?rest_route=%2Fwp%2Fv2%2Fcomments&post=974"}],"version-history":[{"count":65,"href":"https:\/\/kindergarten-steglitz.de\/index.php?rest_route=\/wp\/v2\/pages\/974\/revisions"}],"predecessor-version":[{"id":1845,"href":"https:\/\/kindergarten-steglitz.de\/index.php?rest_route=\/wp\/v2\/pages\/974\/revisions\/1845"}],"wp:attachment":[{"href":"https:\/\/kindergarten-steglitz.de\/index.php?rest_route=%2Fwp%2Fv2%2Fmedia&parent=974"}],"curies":[{"name":"wp","href":"https:\/\/api.w.org\/{rel}","templated":true}]}}